{"id":126,"date":"2019-09-17T12:19:41","date_gmt":"2019-09-17T10:19:41","guid":{"rendered":"https:\/\/drabant30.dk\/wordpress\/?page_id=126"},"modified":"2019-09-18T14:32:33","modified_gmt":"2019-09-18T12:32:33","slug":"test","status":"publish","type":"page","link":"https:\/\/drabant30.dk\/?page_id=126","title":{"rendered":"Test"},"content":{"rendered":"\n<p>B\u00e5dnyt gav i 1979 Drabant 30 f\u00f8rstepladsen i en komparativ test med Solus 29 og Olsen 31.<\/p>\n\n\n\n<p>Bem\u00e6rk testens overskrift: &#8220;Tre giganter m\u00f8des&#8221;!!!<\/p>\n\n\n\n<p>L\u00e6s testen<a href=\"https:\/\/drabant30.dk\/wordpress\/wp-content\/uploads\/2019\/09\/drabant-30-test.pdf\"> her.<\/a><\/p>\n","protected":false},"excerpt":{"rendered":"<p>B\u00e5dnyt gav i 1979 Drabant 30 f\u00f8rstepladsen i en komparativ test med Solus 29 og Olsen 31. Bem\u00e6rk testens overskrift: &#8220;Tre giganter m\u00f8des&#8221;!!! L\u00e6s testen her.<\/p>\n","protected":false},"author":2,"featured_media":0,"parent":0,"menu_order":0,"comment_status":"closed","ping_status":"closed","template":"","meta":{"footnotes":""},"class_list":["post-126","page","type-page","status-publish","hentry"],"jetpack_sharing_enabled":true,"_links":{"self":[{"href":"https:\/\/drabant30.dk\/index.php?rest_route=\/wp\/v2\/pages\/126","targetHints":{"allow":["GET"]}}],"collection":[{"href":"https:\/\/drabant30.dk\/index.php?rest_route=\/wp\/v2\/pages"}],"about":[{"href":"https:\/\/drabant30.dk\/index.php?rest_route=\/wp\/v2\/types\/page"}],"author":[{"embeddable":true,"href":"https:\/\/drabant30.dk\/index.php?rest_route=\/wp\/v2\/users\/2"}],"replies":[{"embeddable":true,"href":"https:\/\/drabant30.dk\/index.php?rest_route=%2Fwp%2Fv2%2Fcomments&post=126"}],"version-history":[{"count":3,"href":"https:\/\/drabant30.dk\/index.php?rest_route=\/wp\/v2\/pages\/126\/revisions"}],"predecessor-version":[{"id":160,"href":"https:\/\/drabant30.dk\/index.php?rest_route=\/wp\/v2\/pages\/126\/revisions\/160"}],"wp:attachment":[{"href":"https:\/\/drabant30.dk\/index.php?rest_route=%2Fwp%2Fv2%2Fmedia&parent=126"}],"curies":[{"name":"wp","href":"https:\/\/api.w.org\/{rel}","templated":true}]}}