{"id":198,"date":"2019-09-23T12:55:46","date_gmt":"2019-09-23T10:55:46","guid":{"rendered":"https:\/\/drabant30.dk\/?page_id=198"},"modified":"2023-03-15T09:11:47","modified_gmt":"2023-03-15T08:11:47","slug":"traef-moede","status":"publish","type":"page","link":"https:\/\/drabant30.dk\/?page_id=198","title":{"rendered":"Tr\u00e6f\/m\u00f8de"},"content":{"rendered":"\n<figure class=\"wp-block-image\"><img loading=\"lazy\" decoding=\"async\" width=\"4288\" height=\"2848\" src=\"https:\/\/drabant30.dk\/wordpress\/wp-content\/uploads\/2019\/09\/traefbillede.jpeg\" alt=\"\" class=\"wp-image-175\"\/><\/figure>\n\n\n\n<p><em>Klubben arrangerer \u00e5rligt et&nbsp;<\/em><strong><em>sommertr\u00e6f og et vinter<\/em><\/strong><em><strong>m\u00f8de<\/strong>, der foruden det hyggelige, sociale samv\u00e6r er pr\u00e6get af udveksling af vore erfaringer med b\u00e5den og sejlturene med den. Klubbens&nbsp;generalforsamling afholdes i forbindelse med sommertr\u00e6ffet.<\/em><br><\/p>\n\n\n\n<p><strong>Vinterm\u00f8det 2023 med generalforsamling afholdes i Juelsminde d. 25.02.23 kl. 10-14<\/strong>. Sidste frist for tilmelding er <strong>11. februar<\/strong>. L\u00e6s bestyrelsens invitation <a href=\"https:\/\/drabant30.dk\/wordpress\/wp-content\/uploads\/2023\/01\/Vintermoedet2023.pdf\">her.<\/a><\/p>\n\n\n\n<p><strong>Vinterm\u00f8det 2023<\/strong> s\u00f8ges afholdt i Juelsminde d. 25. februar. L\u00e6s mail fra bestyrelsen <a href=\"https:\/\/drabant30.dk\/wordpress\/wp-content\/uploads\/2023\/01\/Vigtig-vigtig-information-om-vinter-traeffet-i-drabant-30-klubben-2023..pdf\">her.<\/a><\/p>\n\n\n\n<p> <strong>NB: Sommertr\u00e6ffet 2022 er aflyst.<\/strong> L\u00e6s meddelelsen fra bestyrelsen <a href=\"https:\/\/drabant30.dk\/wordpress\/wp-content\/uploads\/2022\/04\/Sommermoedeaflysning-2022.pdf\">her.<\/a><\/p>\n\n\n\n<p><\/p>\n\n\n\n<figure class=\"wp-block-image size-large\"><img loading=\"lazy\" decoding=\"async\" width=\"1024\" height=\"488\" src=\"https:\/\/drabant30.dk\/wordpress\/wp-content\/uploads\/2022\/02\/image-1-1024x488.png\" alt=\"\" class=\"wp-image-791\" srcset=\"https:\/\/drabant30.dk\/wordpress\/wp-content\/uploads\/2022\/02\/image-1-1024x488.png 1024w, https:\/\/drabant30.dk\/wordpress\/wp-content\/uploads\/2022\/02\/image-1-300x143.png 300w, https:\/\/drabant30.dk\/wordpress\/wp-content\/uploads\/2022\/02\/image-1-768x366.png 768w, https:\/\/drabant30.dk\/wordpress\/wp-content\/uploads\/2022\/02\/image-1.png 1462w\" sizes=\"auto, (max-width: 767px) 89vw, (max-width: 1000px) 54vw, (max-width: 1071px) 543px, 580px\" \/><figcaption class=\"wp-element-caption\">Thur\u00f8 22.01,22     Foto: Jeppe Fisker<\/figcaption><\/figure>\n\n\n\n<p><br><strong>Vinterm\u00f8det 2022 blev i \u00e5r afholdt i Thur\u00f8&nbsp;Sejlklubs lokaler, Gamb\u00f8tvej 27 Svendborg, <a href=\"http:\/\/thuroesejlklub.dk\/\">http:\/\/thuroesejlklub.dk\/<\/a>.<\/strong><\/p>\n\n\n\n<p>L\u00e6s <strong>Jeppe Fiskers &#8220;Indtryk&#8221;<\/strong> af det b\u00e5de hyggelige og informative m\u00f8de <a href=\"https:\/\/drabant30.dk\/wordpress\/wp-content\/uploads\/2022\/02\/Indtryk-fra-Drabant-30-vin-termoedet-paa-Thuroe-2022.pdf\">her.<\/a><br><br><strong>40-\u00e5rs jubil\u00e6ums<strong><strong><em>sommertr\u00e6f 2021 i Assens i Kristi Himmelfart-\u201dferien\u201d fra den 13. til 16. maj 2021<\/em><\/strong><\/strong><\/strong>. <\/p>\n\n\n\n<figure class=\"wp-block-image size-large\"><img loading=\"lazy\" decoding=\"async\" width=\"1024\" height=\"869\" src=\"https:\/\/drabant30.dk\/wordpress\/wp-content\/uploads\/2021\/05\/modeloverraekkelse-1024x869.jpeg\" alt=\"\" class=\"wp-image-719\" srcset=\"https:\/\/drabant30.dk\/wordpress\/wp-content\/uploads\/2021\/05\/modeloverraekkelse-1024x869.jpeg 1024w, https:\/\/drabant30.dk\/wordpress\/wp-content\/uploads\/2021\/05\/modeloverraekkelse-300x255.jpeg 300w, https:\/\/drabant30.dk\/wordpress\/wp-content\/uploads\/2021\/05\/modeloverraekkelse-768x652.jpeg 768w, https:\/\/drabant30.dk\/wordpress\/wp-content\/uploads\/2021\/05\/modeloverraekkelse-1536x1303.jpeg 1536w, https:\/\/drabant30.dk\/wordpress\/wp-content\/uploads\/2021\/05\/modeloverraekkelse-2048x1738.jpeg 2048w\" sizes=\"auto, (max-width: 767px) 89vw, (max-width: 1000px) 54vw, (max-width: 1071px) 543px, 580px\" \/><figcaption class=\"wp-element-caption\">\u00c6resmedlemmerne Tove og Jeppe Fisker fik under festmiddagen l\u00f8rdag aften af klubbens formand, Steen Lundager, for deres store indsats for klubben overrakt en fin halvmodel af en Drabant 30. Steen havde selv fremstillet modellen &#8211; imponerende.<\/figcaption><\/figure>\n\n\n\n<h2 class=\"wp-block-heading\" id=\"indtryk-fra-sommertraef\"><strong>&#8220;Indtryk&#8221;<\/strong> fra sommertr\u00e6f:<\/h2>\n\n\n\n<p>Jeppe Fisker (Bell D 7) har gennem \u00e5rene skrevet sine &#8220;Indtryk&#8221; fra klubbens sommertr\u00e6f og vinterm\u00f8der.<br><br><a href=\"https:\/\/drabant30.dk\/wordpress\/wp-content\/uploads\/2021\/05\/Indtryk-fra-d30-traef-2021.pdf\">&#8220;Indtryk&#8221; fra sommertr\u00e6ffet i Assens 2021.<\/a><\/p>\n\n\n\n<p><a href=\"https:\/\/drabant30.dk\/wordpress\/wp-content\/uploads\/2019\/09\/Indtryk-fra-aarosund19.pdf\">&#8220;Indtryk&#8221; fra sommertr\u00e6ffet i \u00c5r\u00f8sund 2019.<\/a><\/p>\n\n\n\n<p><a href=\"https:\/\/drabant30.dk\/wordpress\/wp-content\/uploads\/2019\/09\/Indtryk-fra-traef-2018.pdf\">&#8220;Indtryk&#8221; fra sommertr\u00e6ffet p\u00e5 Thur\u00f8 2018.<\/a><\/p>\n\n\n\n<p><a href=\"https:\/\/drabant30.dk\/wordpress\/wp-content\/uploads\/2019\/09\/Indtryk-fra-traffet-17.pdf\">&#8220;Indtryk&#8221; fra sommertr\u00e6ffet i Assens 2017<\/a><\/p>\n\n\n\n<p><a href=\"https:\/\/drabant30.dk\/wordpress\/wp-content\/uploads\/2019\/09\/Indtryk-Dyvig-16.pdf\">&#8220;Indtryk&#8221; fra sommertr\u00e6ffet i Dyvig 201<\/a>6<\/p>\n\n\n\n<p><a href=\"https:\/\/drabant30.dk\/wordpress\/wp-content\/uploads\/2019\/09\/Indtryk-2015-i-Faaborg.pdf\">&#8220;Indtryk&#8221; fra sommertr\u00e6ffet i Faaborg 2015<\/a><\/p>\n\n\n\n<p><a href=\"https:\/\/drabant30.dk\/wordpress\/wp-content\/uploads\/2019\/09\/Indtryk-fra-traf-i-Hou-2014.pdf\">&#8220;Indtryk&#8221; fra sommertr\u00e6ffet i Hou 2014<\/a><\/p>\n\n\n\n<p><a href=\"https:\/\/drabant30.dk\/wordpress\/wp-content\/uploads\/2019\/09\/Indtryk-fra-Aarosund2013.pdf\">&#8220;Indtryk&#8221; fra sommertr\u00e6ffet i \u00c5r\u00f8sund 2013<\/a><\/p>\n\n\n\n<p><a href=\"https:\/\/drabant30.dk\/wordpress\/wp-content\/uploads\/2019\/09\/Indtryk-fra-Assens-12.pdf\">&#8220;Indtryk&#8221; fra sommertr\u00e6ffet i Assens 2012<\/a><\/p>\n\n\n\n<p><a href=\"https:\/\/drabant30.dk\/wordpress\/wp-content\/uploads\/2019\/09\/Indtryk-fra-staevnet-i-Kongebro.pdf\">&#8220;Indtryk&#8221; fra sommertr\u00e6ffet i Kongebro 2011<\/a><br><\/p>\n\n\n\n<h2 class=\"wp-block-heading\" id=\"indtryk-fra-vintermoder\"><strong>&#8220;Indtryk&#8221;<\/strong> fra vinterm\u00f8der:<\/h2>\n\n\n\n<h2 class=\"wp-block-heading\"><a href=\"https:\/\/mail-attachment.googleusercontent.com\/attachment\/u\/0\/?ui=2&amp;ik=f452788160&amp;attid=0.1&amp;permmsgid=msg-f:1760342504192069736&amp;th=186dfe2e4d63d068&amp;view=att&amp;disp=inline&amp;saddbat=ANGjdJ89NCk8sD2-r5sHht4d0TqeBJsZwsmlZUo5jzBsrTl9XXBgds-fsmttPgH_wv6FPaEw8-9DkGZjgrZs012CZIqXPcJi6wu8P40uDfMTWD4Yl3v7ofs0lWEtFUGEbLIIOo4QSFaPTVCIaD2_2mrHcw3hR9NdZLxyAhNQVkZJednmEx6TFDkRLW2Npune6nt-PA3ncQ_MmyixdtJ3rMjqOiTM-SQ0zNWNIJF2IA_yC37Ry23NsmW0bBxzGXZl_1B-sOEKsDKeRHjfVOYHcLV3JG0oZw7t9t9hslbw9D4kbP8OKF7ZMC371r1iZCHLPgqCYrdpbjAq8yu_-Wk6buiot7i9e2Ga0x6LTaD59-AQGxoJSXGvfNsQpStIRxODYdthT9KCMaa0pJbvEPbrKPVRYjR-1ZIkuigDuwdxcq5KA7dCEuOYX-PRaxA89c6q31zQ_Xz7_iiSIKqSVv8EoLUNiGtOhhmYhQIvrbLHjSoS-wd764YonE101jemfkM5JEon28oEd8SOpPwe3QgRcT3t03_9yxnfgUjY0BxC0PDMbPiwN91vFX90ee1cMX3LBQ1Hh9hV8sh-YwR1NW0MV7FXhZf4stwCUoDTYTDY-VnIAPGtcove2e4jYGeP-AXu_LNaPLDobQv-UGP7b7023P2Ys6I1cXEvoInwH3zAU0Zl3XS4bNqSRtEm6i2486GnMBF_FSTHMpxeoOgYWxtBLEqZnJZ5-8nQeP2bzWLIEBxi8EZws6yKPmwW6GfJtN8XYy7T_HF0zuijcXSUd3AJSoeh3gjylL3Al0wld36ji-fei7_Gp5QdYmIXnWNnqJabHNPl09W7zO0CpYX0WB6LcAfk0dd2tutmkuhQkYpSGjNWi14IArAnim48G0PLBAPe63G5ZP97_PIZvK6fV7slOkgOtVIfdFQK7VIv_umTO0GlU87HyGyHTcpxgOUSKUJx1nN6NVHWFPnpZ-XiJpPUR5KUom-8XtoQDiFPUDZtaX0gvIbPaxQCbl4zR97Ue08\" data-type=\"URL\">Indtryk fra vinterm\u00f8det i Juelsminde 2023<\/a><\/h2>\n\n\n\n<p><a href=\"https:\/\/drabant30.dk\/wordpress\/wp-content\/uploads\/2022\/02\/Indtryk-fra-Drabant-30-vin-termoedet-paa-Thuroe-2022.pdf\">&#8220;Indtryk&#8221; fra vinterm\u00f8det i Svendborg 2022<\/a><\/p>\n\n\n\n<p><a href=\"https:\/\/drabant30.dk\/wordpress\/wp-content\/uploads\/2020\/03\/Indtryk-fra-vinterm\u00f8de-i-Svendborg.pdf\">&#8220;Indtryk&#8221; fra vinterm\u00f8det i Svendborg 2020<\/a><\/p>\n\n\n\n<p><\/p>\n\n\n\n<p><\/p>\n","protected":false},"excerpt":{"rendered":"<p>Klubben arrangerer \u00e5rligt et&nbsp;sommertr\u00e6f og et vinterm\u00f8de, der foruden det hyggelige, sociale samv\u00e6r er pr\u00e6get af udveksling af vore erfaringer med b\u00e5den og sejlturene med den. Klubbens&nbsp;generalforsamling afholdes i forbindelse med sommertr\u00e6ffet. Vinterm\u00f8det 2023 med generalforsamling afholdes i Juelsminde d. 25.02.23 kl. 10-14. Sidste frist for tilmelding er 11. februar. L\u00e6s bestyrelsens invitation her. Vinterm\u00f8det &hellip; <\/p>\n<p class=\"link-more\"><a href=\"https:\/\/drabant30.dk\/?page_id=198\" class=\"more-link\">L\u00e6s videre<span class=\"screen-reader-text\"> &#8220;Tr\u00e6f\/m\u00f8de&#8221;<\/span><\/a><\/p>\n","protected":false},"author":2,"featured_media":0,"parent":0,"menu_order":0,"comment_status":"closed","ping_status":"closed","template":"","meta":{"footnotes":""},"class_list":["post-198","page","type-page","status-publish","hentry"],"jetpack_sharing_enabled":true,"_links":{"self":[{"href":"https:\/\/drabant30.dk\/index.php?rest_route=\/wp\/v2\/pages\/198","targetHints":{"allow":["GET"]}}],"collection":[{"href":"https:\/\/drabant30.dk\/index.php?rest_route=\/wp\/v2\/pages"}],"about":[{"href":"https:\/\/drabant30.dk\/index.php?rest_route=\/wp\/v2\/types\/page"}],"author":[{"embeddable":true,"href":"https:\/\/drabant30.dk\/index.php?rest_route=\/wp\/v2\/users\/2"}],"replies":[{"embeddable":true,"href":"https:\/\/drabant30.dk\/index.php?rest_route=%2Fwp%2Fv2%2Fcomments&post=198"}],"version-history":[{"count":71,"href":"https:\/\/drabant30.dk\/index.php?rest_route=\/wp\/v2\/pages\/198\/revisions"}],"predecessor-version":[{"id":891,"href":"https:\/\/drabant30.dk\/index.php?rest_route=\/wp\/v2\/pages\/198\/revisions\/891"}],"wp:attachment":[{"href":"https:\/\/drabant30.dk\/index.php?rest_route=%2Fwp%2Fv2%2Fmedia&parent=198"}],"curies":[{"name":"wp","href":"https:\/\/api.w.org\/{rel}","templated":true}]}}