{"id":217,"date":"2019-09-25T19:48:28","date_gmt":"2019-09-25T17:48:28","guid":{"rendered":"https:\/\/drabant30.dk\/?page_id=217"},"modified":"2023-03-09T11:39:19","modified_gmt":"2023-03-09T10:39:19","slug":"generalforsamlinger","status":"publish","type":"page","link":"https:\/\/drabant30.dk\/?page_id=217","title":{"rendered":"Generalforsamlinger."},"content":{"rendered":"\n<p><br><br><strong>Referater:<\/strong><\/p>\n\n\n\n<p><a href=\"https:\/\/drabant30.dk\/wordpress\/wp-content\/uploads\/2019\/09\/Referat-Generalforsamling-2019.pdf\">2019 \u00c5r\u00f8sund<\/a><\/p>\n\n\n\n<p><a href=\"https:\/\/drabant30.dk\/wordpress\/wp-content\/uploads\/2019\/09\/generalforsamlingen-2018.pdf\">2018 Thur\u00f8<\/a><\/p>\n\n\n\n<p><a href=\"https:\/\/drabant30.dk\/wordpress\/wp-content\/uploads\/2019\/09\/Generalforsamlingen-2017-Assens.pdf\">2017 Assens<\/a><\/p>\n\n\n\n<p><a href=\"https:\/\/drabant30.dk\/wordpress\/wp-content\/uploads\/2019\/09\/Referat-fra-ekstraordinaer-general-forsamling-i-Faaborg-14-januar-17.pdf\">2017 Faaborg (ekstraordin\u00e6r)<\/a><\/p>\n\n\n\n<p><a href=\"https:\/\/drabant30.dk\/wordpress\/wp-content\/uploads\/2019\/09\/Referat-Dyvig-16.pdf\">2016 Dyvig<\/a><\/p>\n\n\n\n<p><a href=\"https:\/\/drabant30.dk\/wordpress\/wp-content\/uploads\/2019\/09\/Referat-fra-generalforsamlingen-15.pdf\">2015 Faaborg<\/a><\/p>\n\n\n\n<p><a href=\"https:\/\/drabant30.dk\/wordpress\/wp-content\/uploads\/2019\/09\/Ref-fra-generalforsamling-2014.pdf\">2014 Hou<\/a><\/p>\n\n\n\n<p><a href=\"https:\/\/drabant30.dk\/wordpress\/wp-content\/uploads\/2019\/09\/generalforsamlingen-juni-2013.pdf\">2013 \u00c5r\u00f8sund<\/a><\/p>\n\n\n\n<p><a href=\"https:\/\/drabant30.dk\/wordpress\/wp-content\/uploads\/2019\/09\/Referatgeneral12.pdf\">2012 Assens<\/a><\/p>\n\n\n\n<p><a href=\"https:\/\/drabant30.dk\/wordpress\/wp-content\/uploads\/2019\/09\/Referat-fra-generalforsamlingen-2011.pdf\">2011 Kongebro<\/a><\/p>\n\n\n\n<p><a href=\"https:\/\/drabant30.dk\/wordpress\/wp-content\/uploads\/2019\/09\/Referat-fra-generalforsamlingen-2010.pdf\">2010 Brejning<\/a><\/p>\n\n\n\n<p><a href=\"https:\/\/drabant30.dk\/wordpress\/wp-content\/uploads\/2019\/09\/Referat-fra-generalforsamlingen-2010.pdf\">2009 Juelsminde<\/a><\/p>\n\n\n\n<p><a href=\"https:\/\/drabant30.dk\/wordpress\/wp-content\/uploads\/2019\/09\/Referat-fra-generalforsamlingen-2008.pdf\">2008 Bogense<\/a><\/p>\n\n\n\n<p><a href=\"https:\/\/drabant30.dk\/wordpress\/wp-content\/uploads\/2019\/09\/Referat-fra-generalforsamling-2007-i-Hou.pdf\">2007 Hou<\/a><\/p>\n\n\n\n<p><a href=\"https:\/\/drabant30.dk\/wordpress\/wp-content\/uploads\/2019\/09\/Referat-fra-generalforsamlingen-2006.pdf\">2006 Strib<\/a><\/p>\n\n\n\n<p><a href=\"https:\/\/drabant30.dk\/wordpress\/wp-content\/uploads\/2019\/09\/Referat-generalforsamling-2005-S.pdf\">2005 Sk\u00e6rb\u00e6k<\/a><\/p>\n\n\n\n<p><strong>Regnskaber:<\/strong><\/p>\n\n\n\n<p>Regnskab for 2015<\/p>\n\n\n\n<p>Regnskab for 2014<\/p>\n\n\n\n<p>Regnskab for 2013<\/p>\n\n\n\n<p>Regnskab for 2011\/12<\/p>\n\n\n\n<p>Regnskab for 2010\/11<\/p>\n","protected":false},"excerpt":{"rendered":"<p>Referater: 2019 \u00c5r\u00f8sund 2018 Thur\u00f8 2017 Assens 2017 Faaborg (ekstraordin\u00e6r) 2016 Dyvig 2015 Faaborg 2014 Hou 2013 \u00c5r\u00f8sund 2012 Assens 2011 Kongebro 2010 Brejning 2009 Juelsminde 2008 Bogense 2007 Hou 2006 Strib 2005 Sk\u00e6rb\u00e6k Regnskaber: Regnskab for 2015 Regnskab for 2014 Regnskab for 2013 Regnskab for 2011\/12 Regnskab for 2010\/11<\/p>\n","protected":false},"author":2,"featured_media":0,"parent":0,"menu_order":0,"comment_status":"closed","ping_status":"closed","template":"","meta":{"footnotes":""},"class_list":["post-217","page","type-page","status-publish","hentry"],"jetpack_sharing_enabled":true,"_links":{"self":[{"href":"https:\/\/drabant30.dk\/index.php?rest_route=\/wp\/v2\/pages\/217","targetHints":{"allow":["GET"]}}],"collection":[{"href":"https:\/\/drabant30.dk\/index.php?rest_route=\/wp\/v2\/pages"}],"about":[{"href":"https:\/\/drabant30.dk\/index.php?rest_route=\/wp\/v2\/types\/page"}],"author":[{"embeddable":true,"href":"https:\/\/drabant30.dk\/index.php?rest_route=\/wp\/v2\/users\/2"}],"replies":[{"embeddable":true,"href":"https:\/\/drabant30.dk\/index.php?rest_route=%2Fwp%2Fv2%2Fcomments&post=217"}],"version-history":[{"count":22,"href":"https:\/\/drabant30.dk\/index.php?rest_route=\/wp\/v2\/pages\/217\/revisions"}],"predecessor-version":[{"id":581,"href":"https:\/\/drabant30.dk\/index.php?rest_route=\/wp\/v2\/pages\/217\/revisions\/581"}],"wp:attachment":[{"href":"https:\/\/drabant30.dk\/index.php?rest_route=%2Fwp%2Fv2%2Fmedia&parent=217"}],"curies":[{"name":"wp","href":"https:\/\/api.w.org\/{rel}","templated":true}]}}