{"id":279,"date":"2019-09-27T21:55:30","date_gmt":"2019-09-27T19:55:30","guid":{"rendered":"https:\/\/drabant30.dk\/?page_id=279"},"modified":"2019-09-27T22:44:10","modified_gmt":"2019-09-27T20:44:10","slug":"klubbens-historie","status":"publish","type":"page","link":"https:\/\/drabant30.dk\/?page_id=279","title":{"rendered":"Klubbens historie"},"content":{"rendered":"\n<p><strong>Drabant 30 klubbens oprettelse:<\/strong><br> Drabant 30 klubben blev oprettet p\u00e5 en stiftende generalforsamling l\u00f8rdag d. 31. oktober 1981 i Eg\u00e5 Marinas Restaurant. 30 personer var m\u00f8dt frem, hvoraf de 16 var Drabant 30 ejere.<\/p>\n\n\n\n<p>L\u00e6s indkaldelsen til m\u00f8det <a href=\"https:\/\/drabant30.dk\/wordpress\/wp-content\/uploads\/2019\/09\/indkaldelse-301081-1.pdf\">her<\/a> og referatet fra den stiftende generalforsamling <a href=\"https:\/\/drabant30.dk\/wordpress\/wp-content\/uploads\/2019\/09\/gereralforsamling-301081.pdf\">her<\/a>.<\/p>\n\n\n\n<p>Oversigt over Drabant 30 klubbens historie 1981-2005. Se den <a href=\"https:\/\/drabant30.dk\/wordpress\/wp-content\/uploads\/2019\/09\/Priess-1981_2005.pdf\">her<\/a><\/p>\n\n\n\n<p>Mere om klubbens historie senere.<\/p>\n","protected":false},"excerpt":{"rendered":"<p>Drabant 30 klubbens oprettelse: Drabant 30 klubben blev oprettet p\u00e5 en stiftende generalforsamling l\u00f8rdag d. 31. oktober 1981 i Eg\u00e5 Marinas Restaurant. 30 personer var m\u00f8dt frem, hvoraf de 16 var Drabant 30 ejere. L\u00e6s indkaldelsen til m\u00f8det her og referatet fra den stiftende generalforsamling her. Oversigt over Drabant 30 klubbens historie 1981-2005. Se den &hellip; <\/p>\n<p class=\"link-more\"><a href=\"https:\/\/drabant30.dk\/?page_id=279\" class=\"more-link\">L\u00e6s videre<span class=\"screen-reader-text\"> &#8220;Klubbens historie&#8221;<\/span><\/a><\/p>\n","protected":false},"author":2,"featured_media":0,"parent":0,"menu_order":0,"comment_status":"closed","ping_status":"closed","template":"","meta":{"footnotes":""},"class_list":["post-279","page","type-page","status-publish","hentry"],"jetpack_sharing_enabled":true,"_links":{"self":[{"href":"https:\/\/drabant30.dk\/index.php?rest_route=\/wp\/v2\/pages\/279","targetHints":{"allow":["GET"]}}],"collection":[{"href":"https:\/\/drabant30.dk\/index.php?rest_route=\/wp\/v2\/pages"}],"about":[{"href":"https:\/\/drabant30.dk\/index.php?rest_route=\/wp\/v2\/types\/page"}],"author":[{"embeddable":true,"href":"https:\/\/drabant30.dk\/index.php?rest_route=\/wp\/v2\/users\/2"}],"replies":[{"embeddable":true,"href":"https:\/\/drabant30.dk\/index.php?rest_route=%2Fwp%2Fv2%2Fcomments&post=279"}],"version-history":[{"count":8,"href":"https:\/\/drabant30.dk\/index.php?rest_route=\/wp\/v2\/pages\/279\/revisions"}],"predecessor-version":[{"id":295,"href":"https:\/\/drabant30.dk\/index.php?rest_route=\/wp\/v2\/pages\/279\/revisions\/295"}],"wp:attachment":[{"href":"https:\/\/drabant30.dk\/index.php?rest_route=%2Fwp%2Fv2%2Fmedia&parent=279"}],"curies":[{"name":"wp","href":"https:\/\/api.w.org\/{rel}","templated":true}]}}