{"id":342,"date":"2019-10-04T15:24:52","date_gmt":"2019-10-04T13:24:52","guid":{"rendered":"https:\/\/drabant30.dk\/?page_id=342"},"modified":"2024-02-19T08:24:41","modified_gmt":"2024-02-19T07:24:41","slug":"vedligeholdelse","status":"publish","type":"page","link":"https:\/\/drabant30.dk\/?page_id=342","title":{"rendered":"Vedligeholdelse."},"content":{"rendered":"\n<p><em>Her findes bidrag fra medlemmerne om b\u00e5dens vedligeholdelse.<\/em><\/p>\n\n\n\n<p><em>Indsend bidrag i PDF-format til <a href=\"https:\/\/drabant30.dk\/?page_id=70\">webmaster.<\/a><\/em><br><\/p>\n\n\n\n<p>\u00a0<a href=\"https:\/\/shorturl.at\/cmtAU\">St\u00f8jd\u00e6mpning af skrue<\/a><\/p>\n\n\n\n<p><\/p>\n\n\n\n<p><\/p>\n\n\n\n<p><\/p>\n\n\n\n<p><\/p>\n\n\n\n<p><\/p>\n\n\n\n<p><\/p>\n\n\n\n<p><\/p>\n\n\n\n<p>Kontroller jeres mast for at sikre, at den ikke g\u00e5r udenbords:<a href=\"https:\/\/acrobat.adobe.com\/link\/track?uri=urn:aaid:scds:US:0dd98f17-274f-3c39-a3d4-0df3eb4e9601\">Bagplade i masten, hvor vanterne s\u00e6ttes i.<\/a><\/p>\n\n\n\n<p><a href=\"https:\/\/drabant30.dk\/wordpress\/wp-content\/uploads\/2021\/09\/Udskiftning-af-teakdaek-paa-Magdalene-Drabant-30.pdf\">Udskiftning af teakd\u00e6k <\/a>(Steen Lundager, Magdalene D 42)<br><br><a href=\"https:\/\/drabant30.dk\/wordpress\/wp-content\/uploads\/2021\/08\/Reparation-af-luge-til-ankerbroenden.pdf\">Reparation af luge til ankerbr\u00f8nden<\/a> (Steen Lundager, Magdalene D 42)<br><br><a href=\"https:\/\/drabant30.dk\/wordpress\/wp-content\/uploads\/2021\/03\/Foraarsklargoering.pdf\">For\u00e5rsklarg\u00f8ring 2021<\/a> (Steen Lundager, Magdalene D 42).<\/p>\n\n\n\n<p><a href=\"http:\/\/Installation af toilet og skrovgennemf\u00f8ring i sandwich-skrov\">I<\/a><a href=\"https:\/\/drabant30.dk\/wordpress\/wp-content\/uploads\/2021\/01\/Helt-lugtfri-toilet-installation-i-vores-Drabant-30.pdf\">nstallation af toilet og skroggennemf\u00f8ring i sandwich-skro<\/a>g  (Steen Lundager, Magdalene D 42).<br><br><a href=\"https:\/\/drabant30.dk\/wordpress\/wp-content\/uploads\/2020\/01\/Ny-motor-i-Magdalene.pdf\">Installation af ny motor og tank<\/a> (Steen Lundager, Magdalene D 42).<br><br><a href=\"https:\/\/drabant30.dk\/wordpress\/wp-content\/uploads\/2020\/05\/R\u00f8stjern-og-septerf\u00f8dder.pdf\">R\u00f8stjern, scepterf\u00f8dder og mastekrave<\/a> (opdateret 06.05.20) (Steen Lundager, Magdalene D 42).<\/p>\n\n\n\n<figure class=\"wp-block-image\"><img loading=\"lazy\" decoding=\"async\" width=\"768\" height=\"512\" src=\"https:\/\/drabant30.dk\/wordpress\/wp-content\/uploads\/2019\/09\/D42kryds700.jpg\" alt=\"\" class=\"wp-image-258\" srcset=\"https:\/\/drabant30.dk\/wordpress\/wp-content\/uploads\/2019\/09\/D42kryds700.jpg 768w, https:\/\/drabant30.dk\/wordpress\/wp-content\/uploads\/2019\/09\/D42kryds700-300x200.jpg 300w\" sizes=\"auto, (max-width: 767px) 89vw, (max-width: 1000px) 54vw, (max-width: 1071px) 543px, 580px\" \/><figcaption class=\"wp-element-caption\">Magdalene D 42 p\u00e5 kryds i Svendborgsund..<\/figcaption><\/figure>\n\n\n\n<p><a href=\"https:\/\/drabant30.dk\/wordpress\/wp-content\/uploads\/2019\/10\/Skroggjennomforing.pdf\">Udskiftning af s\u00f8ventil<\/a> (Erik S\u00f8rensen, SolyMar D 56).<br><br><a href=\"https:\/\/drabant30.dk\/wordpress\/wp-content\/uploads\/2020\/07\/Mastetrim-Drabant-30.pdf\">Mastetrim<\/a> (opdateret d. 15.07.20) (Steen Lundager Magdalene D 42). <\/p>\n\n\n\n<p><a href=\"https:\/\/drabant30.dk\/wordpress\/wp-content\/uploads\/2020\/05\/Borde-i-en-drabant-30-1.pdf\">Lidt om borde og opbevaring i en Drabant 30<\/a> (Steen Lundager, Magdalene D 42)<\/p>\n\n\n\n<p><a href=\"https:\/\/drabant30.dk\/wordpress\/wp-content\/uploads\/2020\/07\/Sejl-til-Drabant-30.pdf\">Forsejl til Drabant 30<\/a> (Steen Lundager, Magdalene D 42)<\/p>\n","protected":false},"excerpt":{"rendered":"<p>Her findes bidrag fra medlemmerne om b\u00e5dens vedligeholdelse. Indsend bidrag i PDF-format til webmaster. \u00a0St\u00f8jd\u00e6mpning af skrue Kontroller jeres mast for at sikre, at den ikke g\u00e5r udenbords:Bagplade i masten, hvor vanterne s\u00e6ttes i. Udskiftning af teakd\u00e6k (Steen Lundager, Magdalene D 42) Reparation af luge til ankerbr\u00f8nden (Steen Lundager, Magdalene D 42) For\u00e5rsklarg\u00f8ring 2021 (Steen &hellip; <\/p>\n<p class=\"link-more\"><a href=\"https:\/\/drabant30.dk\/?page_id=342\" class=\"more-link\">L\u00e6s videre<span class=\"screen-reader-text\"> &#8220;Vedligeholdelse.&#8221;<\/span><\/a><\/p>\n","protected":false},"author":2,"featured_media":0,"parent":0,"menu_order":0,"comment_status":"closed","ping_status":"closed","template":"","meta":{"footnotes":""},"class_list":["post-342","page","type-page","status-publish","hentry"],"jetpack_sharing_enabled":true,"_links":{"self":[{"href":"https:\/\/drabant30.dk\/index.php?rest_route=\/wp\/v2\/pages\/342","targetHints":{"allow":["GET"]}}],"collection":[{"href":"https:\/\/drabant30.dk\/index.php?rest_route=\/wp\/v2\/pages"}],"about":[{"href":"https:\/\/drabant30.dk\/index.php?rest_route=\/wp\/v2\/types\/page"}],"author":[{"embeddable":true,"href":"https:\/\/drabant30.dk\/index.php?rest_route=\/wp\/v2\/users\/2"}],"replies":[{"embeddable":true,"href":"https:\/\/drabant30.dk\/index.php?rest_route=%2Fwp%2Fv2%2Fcomments&post=342"}],"version-history":[{"count":38,"href":"https:\/\/drabant30.dk\/index.php?rest_route=\/wp\/v2\/pages\/342\/revisions"}],"predecessor-version":[{"id":954,"href":"https:\/\/drabant30.dk\/index.php?rest_route=\/wp\/v2\/pages\/342\/revisions\/954"}],"wp:attachment":[{"href":"https:\/\/drabant30.dk\/index.php?rest_route=%2Fwp%2Fv2%2Fmedia&parent=342"}],"curies":[{"name":"wp","href":"https:\/\/api.w.org\/{rel}","templated":true}]}}