{"id":62,"date":"2019-09-16T00:11:46","date_gmt":"2019-09-15T22:11:46","guid":{"rendered":"https:\/\/drabant30.dk\/wordpress\/?page_id=62"},"modified":"2024-12-16T09:07:06","modified_gmt":"2024-12-16T08:07:06","slug":"forside","status":"publish","type":"page","link":"https:\/\/drabant30.dk\/","title":{"rendered":"Forside"},"content":{"rendered":"\n<p><strong>Nyt p\u00e5 hjemmesiden:<\/strong><\/p>\n\n\n\n<p>Vinterm\u00f8de i Juelsminde D 8-2-2025 <a href=\"https:\/\/shorturl.at\/zGdUq\">Vinterm\u00f8de\/julehilsen<\/a><\/p>\n\n\n\n<p>Sommertr\u00e6f 2024. Formandens hilsen. <\/p>\n\n\n\n<p>Hilsen fra bestyrelsen. <a href=\"https:\/\/rb.gy\/rytf19\">Link til hilsen<\/a><\/p>\n\n\n\n<p>Fart\u00f8jsregister 2024  <a href=\"https:\/\/rb.gy\/hj71s5\">Fart\u00f8jsregiseter<\/a><\/p>\n\n\n\n<p>Referat fra Vinterm\u00f8dets generalforsamling. link:<a href=\"https:\/\/shorturl.at\/sADR6\">Referat<\/a><\/p>\n\n\n\n<p>19-12-2023. Vinter m\u00f8det 20-1-2024 i Juelsminde sejlklub. Husk tilmelding til Steen.  <a href=\"https:\/\/shorturl.at\/otDNP\" data-type=\"link\" data-id=\"https:\/\/shorturl.at\/otDNP\">Tilmelding tryk her<\/a><\/p>\n\n\n\n<p>23.09.19: <br>Drabant 30-sejlerne har en god, aktiv, lukket <strong>Facebook-gruppe<\/strong> (Drabant 30), hvor der blandt meget andet udveksles erfaringer ang. b\u00e5dens vedligeholdelse. <\/p>\n\n\n\n<p><\/p>\n","protected":false},"excerpt":{"rendered":"<p>Nyt p\u00e5 hjemmesiden: Vinterm\u00f8de i Juelsminde D 8-2-2025 Vinterm\u00f8de\/julehilsen Sommertr\u00e6f 2024. Formandens hilsen. Hilsen fra bestyrelsen. Link til hilsen Fart\u00f8jsregister 2024 Fart\u00f8jsregiseter Referat fra Vinterm\u00f8dets generalforsamling. link:Referat 19-12-2023. Vinter m\u00f8det 20-1-2024 i Juelsminde sejlklub. Husk tilmelding til Steen. Tilmelding tryk her 23.09.19: Drabant 30-sejlerne har en god, aktiv, lukket Facebook-gruppe (Drabant 30), hvor der blandt &hellip; <\/p>\n<p class=\"link-more\"><a href=\"https:\/\/drabant30.dk\/\" class=\"more-link\">L\u00e6s videre<span class=\"screen-reader-text\"> &#8220;Forside&#8221;<\/span><\/a><\/p>\n","protected":false},"author":2,"featured_media":0,"parent":0,"menu_order":0,"comment_status":"closed","ping_status":"closed","template":"","meta":{"footnotes":""},"class_list":["post-62","page","type-page","status-publish","hentry"],"jetpack_sharing_enabled":true,"_links":{"self":[{"href":"https:\/\/drabant30.dk\/index.php?rest_route=\/wp\/v2\/pages\/62","targetHints":{"allow":["GET"]}}],"collection":[{"href":"https:\/\/drabant30.dk\/index.php?rest_route=\/wp\/v2\/pages"}],"about":[{"href":"https:\/\/drabant30.dk\/index.php?rest_route=\/wp\/v2\/types\/page"}],"author":[{"embeddable":true,"href":"https:\/\/drabant30.dk\/index.php?rest_route=\/wp\/v2\/users\/2"}],"replies":[{"embeddable":true,"href":"https:\/\/drabant30.dk\/index.php?rest_route=%2Fwp%2Fv2%2Fcomments&post=62"}],"version-history":[{"count":157,"href":"https:\/\/drabant30.dk\/index.php?rest_route=\/wp\/v2\/pages\/62\/revisions"}],"predecessor-version":[{"id":975,"href":"https:\/\/drabant30.dk\/index.php?rest_route=\/wp\/v2\/pages\/62\/revisions\/975"}],"wp:attachment":[{"href":"https:\/\/drabant30.dk\/index.php?rest_route=%2Fwp%2Fv2%2Fmedia&parent=62"}],"curies":[{"name":"wp","href":"https:\/\/api.w.org\/{rel}","templated":true}]}}